{"id":3,"date":"2025-05-22T15:22:01","date_gmt":"2025-05-22T15:22:01","guid":{"rendered":"https:\/\/candycabpanels.com\/?page_id=3"},"modified":"2025-10-03T11:01:42","modified_gmt":"2025-10-03T11:01:42","slug":"privacy-policy","status":"publish","type":"page","link":"https:\/\/candycabpanels.com\/index.php\/privacy-policy\/","title":{"rendered":"Privacy Policy"},"content":{"rendered":"\n<h2 class=\"wp-block-heading\"><strong>Privacy Policy<\/strong><\/h2>\n\n\n\n<p>This Privacy Policy explains how personal data is collected and processed on this website, in accordance with EU Regulation 2016\/679 (General Data Protection Regulation) and Spanish data protection laws.<\/p>\n\n\n\n<hr class=\"wp-block-separator has-alpha-channel-opacity\"\/>\n\n\n\n<h4 class=\"wp-block-heading\"><strong>1. Data Controller<\/strong><\/h4>\n\n\n\n<p><strong>Ediciones H\u00e9roes de Papel, S.L.<\/strong><br>P.I. PIBO. PSO Bollullos de la Mitaci\u00f3n, 3, Local 4<br>41110 Bollullos de la Mitaci\u00f3n (Seville, Spain)<br>Email: <strong><a>hello@candycabpanels.com<\/a><\/strong><\/p>\n\n\n\n<hr class=\"wp-block-separator has-alpha-channel-opacity\"\/>\n\n\n\n<h4 class=\"wp-block-heading\"><strong>2. Data Collected<\/strong><\/h4>\n\n\n\n<p>We do not collect personal data through contact forms, newsletters, or third-party analytics.<br>However, personal information such as name, address, and email may be collected when placing an order.<\/p>\n\n\n\n<hr class=\"wp-block-separator has-alpha-channel-opacity\"\/>\n\n\n\n<h4 class=\"wp-block-heading\"><strong>3. Purpose of Data Collection<\/strong><\/h4>\n\n\n\n<p>The only purpose of processing your data is to fulfill and manage your orders.<\/p>\n\n\n\n<hr class=\"wp-block-separator has-alpha-channel-opacity\"\/>\n\n\n\n<h4 class=\"wp-block-heading\"><strong>4. Legal Basis<\/strong><\/h4>\n\n\n\n<p>The legal basis for the processing of your data is the performance of a contract (purchase and sale of products).<\/p>\n\n\n\n<hr class=\"wp-block-separator has-alpha-channel-opacity\"\/>\n\n\n\n<h4 class=\"wp-block-heading\"><strong>5. Data Retention<\/strong><\/h4>\n\n\n\n<p>Your data will be kept for the time necessary to fulfill the purpose for which it was collected or to comply with legal obligations.<\/p>\n\n\n\n<hr class=\"wp-block-separator has-alpha-channel-opacity\"\/>\n\n\n\n<h4 class=\"wp-block-heading\"><strong>6. Disclosure to Third Parties<\/strong><\/h4>\n\n\n\n<p>We do not share your personal data with third parties unless required by law or necessary for the delivery of orders (e.g., courier services).<\/p>\n\n\n\n<hr class=\"wp-block-separator has-alpha-channel-opacity\"\/>\n\n\n\n<h4 class=\"wp-block-heading\"><strong>7. User Accounts<\/strong><\/h4>\n\n\n\n<p>You may place orders with or without creating an account. If you choose to create an account, your data will be stored to streamline future purchases.<\/p>\n\n\n\n<hr class=\"wp-block-separator has-alpha-channel-opacity\"\/>\n\n\n\n<h4 class=\"wp-block-heading\"><strong>8. Your Rights<\/strong><\/h4>\n\n\n\n<p>You have the right to access, rectify, delete, and object to the processing of your personal data, as well as other rights, by writing to <strong><a>hello@candycabpanels.com<\/a><\/strong>.<\/p>\n\n\n\n<hr class=\"wp-block-separator has-alpha-channel-opacity\"\/>\n\n\n\n<h4 class=\"wp-block-heading\"><strong>9. Cookies<\/strong><\/h4>\n\n\n\n<p>This website uses cookies for functional purposes. A cookie management system will be implemented shortly in compliance with GDPR requirements.<\/p>\n\n\n\n<hr class=\"wp-block-separator has-alpha-channel-opacity\"\/>\n\n\n\n<h4 class=\"wp-block-heading\"><strong>10. Changes to the Privacy Policy<\/strong><\/h4>\n\n\n\n<p>This Privacy Policy may be updated. We recommend reviewing it periodically.<\/p>\n\n\n\n<p><\/p>\n","protected":false},"excerpt":{"rendered":"<p>Privacy Policy This Privacy Policy explains how personal data is collected and processed on this website, in accordance with EU Regulation 2016\/679 (General Data Protection Regulation) and Spanish data protection laws. 1. Data Controller Ediciones H\u00e9roes de Papel, S.L.P.I. PIBO. PSO Bollullos de la Mitaci\u00f3n, 3, Local 441110 Bollullos de la Mitaci\u00f3n (Seville, Spain)Email: hello@candycabpanels.com [&hellip;]<\/p>\n","protected":false},"author":1,"featured_media":0,"parent":0,"menu_order":0,"comment_status":"closed","ping_status":"open","template":"","meta":{"footnotes":""},"class_list":["post-3","page","type-page","status-publish","hentry"],"blocksy_meta":[],"_links":{"self":[{"href":"https:\/\/candycabpanels.com\/index.php\/wp-json\/wp\/v2\/pages\/3","targetHints":{"allow":["GET"]}}],"collection":[{"href":"https:\/\/candycabpanels.com\/index.php\/wp-json\/wp\/v2\/pages"}],"about":[{"href":"https:\/\/candycabpanels.com\/index.php\/wp-json\/wp\/v2\/types\/page"}],"author":[{"embeddable":true,"href":"https:\/\/candycabpanels.com\/index.php\/wp-json\/wp\/v2\/users\/1"}],"replies":[{"embeddable":true,"href":"https:\/\/candycabpanels.com\/index.php\/wp-json\/wp\/v2\/comments?post=3"}],"version-history":[{"count":2,"href":"https:\/\/candycabpanels.com\/index.php\/wp-json\/wp\/v2\/pages\/3\/revisions"}],"predecessor-version":[{"id":264,"href":"https:\/\/candycabpanels.com\/index.php\/wp-json\/wp\/v2\/pages\/3\/revisions\/264"}],"wp:attachment":[{"href":"https:\/\/candycabpanels.com\/index.php\/wp-json\/wp\/v2\/media?parent=3"}],"curies":[{"name":"wp","href":"https:\/\/api.w.org\/{rel}","templated":true}]}}